{"id":1466,"date":"2017-06-01T15:21:10","date_gmt":"2017-06-01T15:21:10","guid":{"rendered":"https:\/\/db-interior.com\/german\/?page_id=1466"},"modified":"2017-06-13T17:42:42","modified_gmt":"2017-06-13T17:42:42","slug":"bio","status":"publish","type":"page","link":"https:\/\/db-interior.com\/german\/bio\/","title":{"rendered":"\u00dcBER MICH"},"content":{"rendered":"<p>[vc_row fullwidth=&#8221;yes&#8221; css=&#8221;.vc_custom_1459840758339{background-position: 0 0 !important;background-repeat: no-repeat !important;}&#8221; el_class=&#8221;side-bg&#8221;][vc_column]\t<div class=\"side-bg\">\n\t\t<div class=\"image-container pull-left col-md-5\" style=\"background-image:url(https:\/\/db-interior.com\/german\/wp-content\/uploads\/2015\/07\/about-img-1-1.jpg); ?>\" data-delay=\"0\"><\/div>\n\n        <div class=\"container\">\n            <div class=\"row\">\n                <div class=\"inner-padding\">\n                    <div class=\"col-md-6 col-md-offset-6 wow fadeInRight\" data-wow-delay=\".2s\">\n                        <h2>Dragana Blaser \/ DB Interior<\/h2><br\/>\n                        Als ausgebildete Architektin plane ich schon seit \u00fcber f\u00fcnfzehn Jahren Inneneinrichtungen sowie B\u00fchnenbilder \/ Szenographie. W\u00e4hrend ich als Einrichterin f\u00fcr die Dixons Store Gruppe in London t\u00e4tig war, bin ich definitiv in die kreative Welt der Innenarchitektur eingetaucht. An der FHNW in Basel habe ich mit dem Master of Art \/ Integral Design mich weiter spezialisiert. Farben und Formen &#8211; daf\u00fcr schl\u00e4gt mein Herz. Ist es nicht faszinierend, dass passende Elemente eine harmonische Kombination und ein Gleichgewicht f\u00fcr ein perfektes r\u00e4umliches Bild ergeben.\u00a0Ich durfte schon viele sch\u00f6ne Inneneinrichtungsprojekte im Wohn-und Gastronimiebereich, wie auch \u00fcber ein Dutzend Theaterproduktionen im In- und Ausland bearbeiten.<\/p>\n<p>Ich liebe die Begegnungen mit den Kunden und wie R\u00e4ume sich in\u00a0freudvolle Orte transformieren lassen.                    <\/div>\n                    <div class=\"clearfix\"><\/div>\n                <\/div>\n            <\/div>\n        <\/div>\n\t<\/div>\n\n[\/vc_column][\/vc_row][vc_row fullwidth=&#8221;yes&#8221; css=&#8221;.vc_custom_1442204580531{padding-top: 60px !important;padding-bottom: 60px !important;}&#8221; el_class=&#8221;call-to-action bg-color text-center&#8221;][vc_column]\t\t\t\n\n\t\t\t<a href=\"http:\/\/db-interior.com\/german\/contact\/\" class=\"btn btn-line-black btn-big \">Hier sind wir-fast-immer f\u00fcr Sie ereichbar<\/a>\n\t    \n[\/vc_column][\/vc_row]<\/p>\n","protected":false},"excerpt":{"rendered":"<p>[vc_row fullwidth=&#8221;yes&#8221; css=&#8221;.vc_custom_1459840758339{background-position: 0 0 !important;background-repeat: no-repeat !important;}&#8221; el_class=&#8221;side-bg&#8221;][vc_column][\/vc_column][\/vc_row][vc_row fullwidth=&#8221;yes&#8221; css=&#8221;.vc_custom_1442204580531{padding-top: 60px !important;padding-bottom: 60px !important;}&#8221; el_class=&#8221;call-to-action bg-color text-center&#8221;][vc_column][\/vc_column][\/vc_row]<\/p>\n","protected":false},"author":1,"featured_media":0,"parent":0,"menu_order":0,"comment_status":"closed","ping_status":"closed","template":"page-templates\/template-fullwidth.php","meta":{"footnotes":""},"class_list":["post-1466","page","type-page","status-publish","hentry"],"_links":{"self":[{"href":"https:\/\/db-interior.com\/german\/wp-json\/wp\/v2\/pages\/1466","targetHints":{"allow":["GET"]}}],"collection":[{"href":"https:\/\/db-interior.com\/german\/wp-json\/wp\/v2\/pages"}],"about":[{"href":"https:\/\/db-interior.com\/german\/wp-json\/wp\/v2\/types\/page"}],"author":[{"embeddable":true,"href":"https:\/\/db-interior.com\/german\/wp-json\/wp\/v2\/users\/1"}],"replies":[{"embeddable":true,"href":"https:\/\/db-interior.com\/german\/wp-json\/wp\/v2\/comments?post=1466"}],"version-history":[{"count":5,"href":"https:\/\/db-interior.com\/german\/wp-json\/wp\/v2\/pages\/1466\/revisions"}],"predecessor-version":[{"id":1487,"href":"https:\/\/db-interior.com\/german\/wp-json\/wp\/v2\/pages\/1466\/revisions\/1487"}],"wp:attachment":[{"href":"https:\/\/db-interior.com\/german\/wp-json\/wp\/v2\/media?parent=1466"}],"curies":[{"name":"wp","href":"https:\/\/api.w.org\/{rel}","templated":true}]}}