{"id":872,"date":"2016-01-28T09:47:53","date_gmt":"2016-01-28T09:47:53","guid":{"rendered":"http:\/\/demo.oceanthemes.net\/archilight\/?page_id=872"},"modified":"2017-05-08T18:52:26","modified_gmt":"2017-05-08T18:52:26","slug":"our-services","status":"publish","type":"page","link":"https:\/\/db-interior.com\/german\/our-services\/","title":{"rendered":"DIENSTLEISTUNGEN"},"content":{"rendered":"<p>[vc_row css=&#8221;.vc_custom_1459913554599{padding-bottom: 10px !important;}&#8221;][vc_column]<div id=\"services-masonry\" class=\"masonry row\">\n\t\n\t<div class=\"col-md-6 item\">\n\t\t\n\t\t\t\t\t\n\t\t\t<h3><strong>Wohn<\/strong>design<\/h3>\n\t\t\t<p>db-INTERIOR bietet Ihnen eine breite Palette von Dienstleistungen an.<br \/>\nJe nach Wunsch und Budget werden Sie in Teilphasen oder ganzheitlich von der Erstberatung \u00fcber die Planung bis hin zur Umsetzung pers\u00f6nlich begleitet.<br \/>\nEin, auf Ihren Wohntyp abgestimmtes, Gestaltungskonzept wird f\u00fcr Ihre gew\u00fcnschten Privatr\u00e4ume in pers\u00f6nlichen Gespr\u00e4chen und vor Ort erarbeitet.<\/p>\n\t\t\t\t\t\t\t<div class=\"spacer-single-10\"><\/div>\n\t\t        <a href=\"https:\/\/db-interior.com\/german\/services\/residential-design\/\"><img loading=\"lazy\" decoding=\"async\" width=\"700\" height=\"337\" src=\"https:\/\/db-interior.com\/german\/wp-content\/uploads\/2015\/07\/residential-home.jpg\" class=\"img-responsive wp-post-image\" alt=\"\" srcset=\"https:\/\/db-interior.com\/german\/wp-content\/uploads\/2015\/07\/residential-home.jpg 700w, https:\/\/db-interior.com\/german\/wp-content\/uploads\/2015\/07\/residential-home-300x144.jpg 300w\" sizes=\"auto, (max-width: 700px) 100vw, 700px\" \/><\/a>\n\t\t\t\t\t\t\t\t\t\t<div class=\"spacer-single\"><\/div>\t\t\t\n\t\t\t\t<a href=\"https:\/\/db-interior.com\/german\/services\/residential-design\/\" class=\"btn-line btn-fullwidth\">Mehr Erfahren<\/a>\t\t\n\t\t\t\n\t\t\n\t<\/div>\n\n\t\n\t<div class=\"col-md-6 item\">\n\t\t\n\t\t\t\t\t\n\t\t\t<h3><strong>B\u00fchnenbild<\/strong> Design<\/h3>\n\t\t\t<p>In \u00fcber 15 Basler Theaterproduktionen hat db iINTERIOR, durch visuelle Gestaltungen der szenischen R\u00e4ume, die Visionen der Regisseure eindrucksvoll umgesetzt. Vom inspirierenden B\u00fchnenbild bis zur gew\u00fcnschten Atmosph\u00e4re f\u00fcr Schauspieler und Publikum ist der Service von db INTERIOR allumfassend und vielseitig. Die vereinbarten terminlichen Rahmenbedingungen sowie die Budgetvorgaben werden professionell eingehalten.<\/p>\n\t\t\t\t\t\t\t<div class=\"spacer-single-10\"><\/div>\n\t\t        <a href=\"https:\/\/db-interior.com\/german\/services\/theatre-design-scenography\/\"><img loading=\"lazy\" decoding=\"async\" width=\"700\" height=\"337\" src=\"https:\/\/db-interior.com\/german\/wp-content\/uploads\/2015\/08\/theatre-services-e1489084050548.jpg\" class=\"img-responsive wp-post-image\" alt=\"\" \/><\/a>\n\t\t\t\t\t\t\t\t\t\t<div class=\"spacer-single\"><\/div>\t\t\t\n\t\t\t\t<a href=\"https:\/\/db-interior.com\/german\/services\/theatre-design-scenography\/\" class=\"btn-line btn-fullwidth\">Mehr Erfahren<\/a>\t\t\n\t\t\t\n\t\t\n\t<\/div>\n\n\t\n\t<div class=\"col-md-6 item\">\n\t\t\n\t\t\t\t\t\n\t\t\t<h3><strong>Einzelhandel-<\/strong>und <strong>Gastrodesign<\/strong><\/h3>\n\t\t\t<p>Aufgrund unserer langj\u00e4hrigen Erfahrung im Einzelhandel Ladendesign ist Db-Interior der kreative Partner f\u00fcr aussergew\u00f6hnliche Konzepte und einzigartiges Design. Erschaffen Sie mit uns zusammen eine unverwechselbare Atmosph\u00e4re &#8211; Ihre G\u00e4ste und Kunden werden sich hingezogen und wohl f\u00fchlen.<\/p>\n\t\t\t\t\t\t\t<div class=\"spacer-single-10\"><\/div>\n\t\t        <a href=\"https:\/\/db-interior.com\/german\/services\/commercial-design\/\"><img loading=\"lazy\" decoding=\"async\" width=\"700\" height=\"337\" src=\"https:\/\/db-interior.com\/german\/wp-content\/uploads\/2015\/08\/comercial-services.jpg\" class=\"img-responsive wp-post-image\" alt=\"\" srcset=\"https:\/\/db-interior.com\/german\/wp-content\/uploads\/2015\/08\/comercial-services.jpg 700w, https:\/\/db-interior.com\/german\/wp-content\/uploads\/2015\/08\/comercial-services-300x144.jpg 300w\" sizes=\"auto, (max-width: 700px) 100vw, 700px\" \/><\/a>\n\t\t\t\t\t\t\t\t\t\t<div class=\"spacer-single\"><\/div>\t\t\t\n\t\t\t\t<a href=\"https:\/\/db-interior.com\/german\/services\/commercial-design\/\" class=\"btn-line btn-fullwidth\">Mehr Erfahren<\/a>\t\t\n\t\t\t\n\t\t\n\t<\/div>\n\n\t\n\t<div class=\"col-md-6 item\">\n\t\t\n\t\t\t\t\t\n\t\t\t<h3>Service <strong>Angebote<\/strong><\/h3>\n\t\t\t<p>Ob Sie einfach nur  zus\u00e4tzliches M\u00f6blierungs-Highlight ben\u00f6tigen, um einen Raum optisch aufzuwerten oder eine komplette Neum\u00f6blierung &#8211; db-INTERIOR offeriert das richtige Paket\/Package f\u00fcr Sie.<\/p>\n\t\t\t\t\t\t\t<div class=\"spacer-single-10\"><\/div>\n\t\t        <a href=\"https:\/\/db-interior.com\/german\/services\/design-packages\/\"><img loading=\"lazy\" decoding=\"async\" width=\"700\" height=\"337\" src=\"https:\/\/db-interior.com\/german\/wp-content\/uploads\/2015\/08\/design-services.jpg\" class=\"img-responsive wp-post-image\" alt=\"\" srcset=\"https:\/\/db-interior.com\/german\/wp-content\/uploads\/2015\/08\/design-services.jpg 700w, https:\/\/db-interior.com\/german\/wp-content\/uploads\/2015\/08\/design-services-300x144.jpg 300w\" sizes=\"auto, (max-width: 700px) 100vw, 700px\" \/><\/a>\n\t\t\t\t\t\t\t\t\t\t<div class=\"spacer-single\"><\/div>\t\t\t\n\t\t\t\t<a href=\"https:\/\/db-interior.com\/german\/services\/design-packages\/\" class=\"btn-line btn-fullwidth\">Mehr Erfahren<\/a>\t\t\n\t\t\t\n\t\t\n\t<\/div>\n\n\t\t\n<\/div>\t\n\n[\/vc_column][\/vc_row]<\/p>\n","protected":false},"excerpt":{"rendered":"<p>[vc_row css=&#8221;.vc_custom_1459913554599{padding-bottom: 10px !important;}&#8221;][vc_column][\/vc_column][\/vc_row]<\/p>\n","protected":false},"author":1,"featured_media":0,"parent":0,"menu_order":0,"comment_status":"closed","ping_status":"closed","template":"page-templates\/template-fullwidth.php","meta":{"footnotes":""},"class_list":["post-872","page","type-page","status-publish","hentry"],"_links":{"self":[{"href":"https:\/\/db-interior.com\/german\/wp-json\/wp\/v2\/pages\/872","targetHints":{"allow":["GET"]}}],"collection":[{"href":"https:\/\/db-interior.com\/german\/wp-json\/wp\/v2\/pages"}],"about":[{"href":"https:\/\/db-interior.com\/german\/wp-json\/wp\/v2\/types\/page"}],"author":[{"embeddable":true,"href":"https:\/\/db-interior.com\/german\/wp-json\/wp\/v2\/users\/1"}],"replies":[{"embeddable":true,"href":"https:\/\/db-interior.com\/german\/wp-json\/wp\/v2\/comments?post=872"}],"version-history":[{"count":5,"href":"https:\/\/db-interior.com\/german\/wp-json\/wp\/v2\/pages\/872\/revisions"}],"predecessor-version":[{"id":1394,"href":"https:\/\/db-interior.com\/german\/wp-json\/wp\/v2\/pages\/872\/revisions\/1394"}],"wp:attachment":[{"href":"https:\/\/db-interior.com\/german\/wp-json\/wp\/v2\/media?parent=872"}],"curies":[{"name":"wp","href":"https:\/\/api.w.org\/{rel}","templated":true}]}}